{"id":3082,"date":"2025-04-22T08:24:09","date_gmt":"2025-04-22T08:24:09","guid":{"rendered":"https:\/\/rabamurakas.ee\/?post_type=product&#038;p=3082"},"modified":"2025-04-22T08:27:11","modified_gmt":"2025-04-22T08:27:11","slug":"koogiviljavaagen","status":"publish","type":"product","link":"https:\/\/www.rabamurakas.ee\/en\/product\/koogiviljavaagen\/","title":{"rendered":"K\u00f6\u00f6giviljavaagen"},"content":{"rendered":"","protected":false},"excerpt":{"rendered":"<p>K\u00f6\u00f6giviljavaagen 1kg koos dipikastmega. K\u00f6\u00f6giviljade valik vaagnal varieerub.<\/p>","protected":false},"featured_media":3083,"template":"","meta":{"site-sidebar-layout":"default","site-content-layout":"","ast-site-content-layout":"default","site-content-style":"default","site-sidebar-style":"default","ast-global-header-display":"","ast-banner-title-visibility":"","ast-main-header-display":"","ast-hfb-above-header-display":"","ast-hfb-below-header-display":"","ast-hfb-mobile-header-display":"","site-post-title":"","ast-breadcrumbs-content":"","ast-featured-img":"","footer-sml-layout":"","theme-transparent-header-meta":"default","adv-header-id-meta":"","stick-header-meta":"","header-above-stick-meta":"","header-main-stick-meta":"","header-below-stick-meta":"","astra-migrate-meta-layouts":"set","ast-page-background-enabled":"default","ast-page-background-meta":{"desktop":{"background-color":"var(--ast-global-color-4)","background-image":"","background-repeat":"repeat","background-position":"center center","background-size":"auto","background-attachment":"scroll","background-type":"","background-media":"","overlay-type":"","overlay-color":"","overlay-opacity":"","overlay-gradient":""},"tablet":{"background-color":"","background-image":"","background-repeat":"repeat","background-position":"center center","background-size":"auto","background-attachment":"scroll","background-type":"","background-media":"","overlay-type":"","overlay-color":"","overlay-opacity":"","overlay-gradient":""},"mobile":{"background-color":"","background-image":"","background-repeat":"repeat","background-position":"center center","background-size":"auto","background-attachment":"scroll","background-type":"","background-media":"","overlay-type":"","overlay-color":"","overlay-opacity":"","overlay-gradient":""}},"ast-content-background-meta":{"desktop":{"background-color":"var(--ast-global-color-5)","background-image":"","background-repeat":"repeat","background-position":"center center","background-size":"auto","background-attachment":"scroll","background-type":"","background-media":"","overlay-type":"","overlay-color":"","overlay-opacity":"","overlay-gradient":""},"tablet":{"background-color":"var(--ast-global-color-5)","background-image":"","background-repeat":"repeat","background-position":"center center","background-size":"auto","background-attachment":"scroll","background-type":"","background-media":"","overlay-type":"","overlay-color":"","overlay-opacity":"","overlay-gradient":""},"mobile":{"background-color":"var(--ast-global-color-5)","background-image":"","background-repeat":"repeat","background-position":"center center","background-size":"auto","background-attachment":"scroll","background-type":"","background-media":"","overlay-type":"","overlay-color":"","overlay-opacity":"","overlay-gradient":""}}},"product_brand":[],"product_cat":[50],"product_tag":[],"class_list":{"0":"post-3082","1":"product","2":"type-product","3":"status-publish","4":"has-post-thumbnail","6":"product_cat-suupistevaagnad","7":"desktop-align-left","8":"tablet-align-left","9":"mobile-align-left","10":"wcpa_has_options","12":"first","13":"instock","14":"taxable","15":"shipping-taxable","16":"purchasable","17":"product-type-simple"},"yoast_head":"<!-- This site is optimized with the Yoast SEO plugin v27.4 - https:\/\/yoast.com\/product\/yoast-seo-wordpress\/ -->\n<title>K\u00f6\u00f6giviljavaagen - Rabamurakas<\/title>\n<meta name=\"robots\" content=\"index, follow, max-snippet:-1, max-image-preview:large, max-video-preview:-1\" \/>\n<link rel=\"canonical\" href=\"https:\/\/www.rabamurakas.ee\/en\/product\/koogiviljavaagen\/\" \/>\n<meta property=\"og:locale\" content=\"en_GB\" \/>\n<meta property=\"og:type\" content=\"article\" \/>\n<meta property=\"og:title\" content=\"K\u00f6\u00f6giviljavaagen - Rabamurakas\" \/>\n<meta property=\"og:description\" content=\"K\u00f6\u00f6giviljavaagen 1kg koos dipikastmega. K\u00f6\u00f6giviljade valik vaagnal varieerub.\" \/>\n<meta property=\"og:url\" content=\"https:\/\/www.rabamurakas.ee\/en\/product\/koogiviljavaagen\/\" \/>\n<meta property=\"og:site_name\" content=\"Rabamurakas\" \/>\n<meta property=\"article:publisher\" content=\"https:\/\/www.facebook.com\/Rabamurakas\" \/>\n<meta property=\"article:modified_time\" content=\"2025-04-22T08:27:11+00:00\" \/>\n<meta property=\"og:image\" content=\"https:\/\/rabamurakas.ee\/wp-content\/uploads\/2025\/04\/unnamed-27-scaled-e1745310416490.jpg\" \/>\n\t<meta property=\"og:image:width\" content=\"1903\" \/>\n\t<meta property=\"og:image:height\" content=\"2350\" \/>\n\t<meta property=\"og:image:type\" content=\"image\/jpeg\" \/>\n<meta name=\"twitter:card\" content=\"summary_large_image\" \/>\n<script type=\"application\/ld+json\" class=\"yoast-schema-graph\">{\"@context\":\"https:\\\/\\\/schema.org\",\"@graph\":[{\"@type\":\"WebPage\",\"@id\":\"https:\\\/\\\/www.rabamurakas.ee\\\/toode\\\/koogiviljavaagen\\\/\",\"url\":\"https:\\\/\\\/www.rabamurakas.ee\\\/toode\\\/koogiviljavaagen\\\/\",\"name\":\"K\u00f6\u00f6giviljavaagen - Rabamurakas\",\"isPartOf\":{\"@id\":\"https:\\\/\\\/rabamurakas.ee\\\/#website\"},\"primaryImageOfPage\":{\"@id\":\"https:\\\/\\\/www.rabamurakas.ee\\\/toode\\\/koogiviljavaagen\\\/#primaryimage\"},\"image\":{\"@id\":\"https:\\\/\\\/www.rabamurakas.ee\\\/toode\\\/koogiviljavaagen\\\/#primaryimage\"},\"thumbnailUrl\":\"https:\\\/\\\/rabamurakas.ee\\\/wp-content\\\/uploads\\\/2025\\\/04\\\/unnamed-27-scaled-e1745310416490.jpg\",\"datePublished\":\"2025-04-22T08:24:09+00:00\",\"dateModified\":\"2025-04-22T08:27:11+00:00\",\"breadcrumb\":{\"@id\":\"https:\\\/\\\/www.rabamurakas.ee\\\/toode\\\/koogiviljavaagen\\\/#breadcrumb\"},\"inLanguage\":\"en-GB\",\"potentialAction\":[{\"@type\":\"ReadAction\",\"target\":[\"https:\\\/\\\/www.rabamurakas.ee\\\/toode\\\/koogiviljavaagen\\\/\"]}]},{\"@type\":\"ImageObject\",\"inLanguage\":\"en-GB\",\"@id\":\"https:\\\/\\\/www.rabamurakas.ee\\\/toode\\\/koogiviljavaagen\\\/#primaryimage\",\"url\":\"https:\\\/\\\/rabamurakas.ee\\\/wp-content\\\/uploads\\\/2025\\\/04\\\/unnamed-27-scaled-e1745310416490.jpg\",\"contentUrl\":\"https:\\\/\\\/rabamurakas.ee\\\/wp-content\\\/uploads\\\/2025\\\/04\\\/unnamed-27-scaled-e1745310416490.jpg\",\"width\":1903,\"height\":2350},{\"@type\":\"BreadcrumbList\",\"@id\":\"https:\\\/\\\/www.rabamurakas.ee\\\/toode\\\/koogiviljavaagen\\\/#breadcrumb\",\"itemListElement\":[{\"@type\":\"ListItem\",\"position\":1,\"name\":\"Home\",\"item\":\"https:\\\/\\\/www.rabamurakas.ee\\\/\"},{\"@type\":\"ListItem\",\"position\":2,\"name\":\"Pood\",\"item\":\"https:\\\/\\\/www.rabamurakas.ee\\\/pood\\\/\"},{\"@type\":\"ListItem\",\"position\":3,\"name\":\"K\u00f6\u00f6giviljavaagen\"}]},{\"@type\":\"WebSite\",\"@id\":\"https:\\\/\\\/rabamurakas.ee\\\/#website\",\"url\":\"https:\\\/\\\/rabamurakas.ee\\\/\",\"name\":\"Rabamurakas\",\"description\":\"Lauake kata end!\",\"publisher\":{\"@id\":\"https:\\\/\\\/rabamurakas.ee\\\/#organization\"},\"potentialAction\":[{\"@type\":\"SearchAction\",\"target\":{\"@type\":\"EntryPoint\",\"urlTemplate\":\"https:\\\/\\\/rabamurakas.ee\\\/?s={search_term_string}\"},\"query-input\":{\"@type\":\"PropertyValueSpecification\",\"valueRequired\":true,\"valueName\":\"search_term_string\"}}],\"inLanguage\":\"en-GB\"},{\"@type\":\"Organization\",\"@id\":\"https:\\\/\\\/rabamurakas.ee\\\/#organization\",\"name\":\"Rabamurakas\",\"url\":\"https:\\\/\\\/rabamurakas.ee\\\/\",\"logo\":{\"@type\":\"ImageObject\",\"inLanguage\":\"en-GB\",\"@id\":\"https:\\\/\\\/rabamurakas.ee\\\/#\\\/schema\\\/logo\\\/image\\\/\",\"url\":\"https:\\\/\\\/rabamurakas.ee\\\/wp-content\\\/uploads\\\/2022\\\/06\\\/Rabamurakas-5.png\",\"contentUrl\":\"https:\\\/\\\/rabamurakas.ee\\\/wp-content\\\/uploads\\\/2022\\\/06\\\/Rabamurakas-5.png\",\"width\":940,\"height\":788,\"caption\":\"Rabamurakas\"},\"image\":{\"@id\":\"https:\\\/\\\/rabamurakas.ee\\\/#\\\/schema\\\/logo\\\/image\\\/\"},\"sameAs\":[\"https:\\\/\\\/www.facebook.com\\\/Rabamurakas\"]}]}<\/script>\n<!-- \/ Yoast SEO plugin. -->","yoast_head_json":{"title":"K\u00f6\u00f6giviljavaagen - Rabamurakas","robots":{"index":"index","follow":"follow","max-snippet":"max-snippet:-1","max-image-preview":"max-image-preview:large","max-video-preview":"max-video-preview:-1"},"canonical":"https:\/\/www.rabamurakas.ee\/en\/product\/koogiviljavaagen\/","og_locale":"en_GB","og_type":"article","og_title":"K\u00f6\u00f6giviljavaagen - Rabamurakas","og_description":"K\u00f6\u00f6giviljavaagen 1kg koos dipikastmega. K\u00f6\u00f6giviljade valik vaagnal varieerub.","og_url":"https:\/\/www.rabamurakas.ee\/en\/product\/koogiviljavaagen\/","og_site_name":"Rabamurakas","article_publisher":"https:\/\/www.facebook.com\/Rabamurakas","article_modified_time":"2025-04-22T08:27:11+00:00","og_image":[{"width":1903,"height":2350,"url":"https:\/\/rabamurakas.ee\/wp-content\/uploads\/2025\/04\/unnamed-27-scaled-e1745310416490.jpg","type":"image\/jpeg"}],"twitter_card":"summary_large_image","schema":{"@context":"https:\/\/schema.org","@graph":[{"@type":"WebPage","@id":"https:\/\/www.rabamurakas.ee\/toode\/koogiviljavaagen\/","url":"https:\/\/www.rabamurakas.ee\/toode\/koogiviljavaagen\/","name":"K\u00f6\u00f6giviljavaagen - Rabamurakas","isPartOf":{"@id":"https:\/\/rabamurakas.ee\/#website"},"primaryImageOfPage":{"@id":"https:\/\/www.rabamurakas.ee\/toode\/koogiviljavaagen\/#primaryimage"},"image":{"@id":"https:\/\/www.rabamurakas.ee\/toode\/koogiviljavaagen\/#primaryimage"},"thumbnailUrl":"https:\/\/rabamurakas.ee\/wp-content\/uploads\/2025\/04\/unnamed-27-scaled-e1745310416490.jpg","datePublished":"2025-04-22T08:24:09+00:00","dateModified":"2025-04-22T08:27:11+00:00","breadcrumb":{"@id":"https:\/\/www.rabamurakas.ee\/toode\/koogiviljavaagen\/#breadcrumb"},"inLanguage":"en-GB","potentialAction":[{"@type":"ReadAction","target":["https:\/\/www.rabamurakas.ee\/toode\/koogiviljavaagen\/"]}]},{"@type":"ImageObject","inLanguage":"en-GB","@id":"https:\/\/www.rabamurakas.ee\/toode\/koogiviljavaagen\/#primaryimage","url":"https:\/\/rabamurakas.ee\/wp-content\/uploads\/2025\/04\/unnamed-27-scaled-e1745310416490.jpg","contentUrl":"https:\/\/rabamurakas.ee\/wp-content\/uploads\/2025\/04\/unnamed-27-scaled-e1745310416490.jpg","width":1903,"height":2350},{"@type":"BreadcrumbList","@id":"https:\/\/www.rabamurakas.ee\/toode\/koogiviljavaagen\/#breadcrumb","itemListElement":[{"@type":"ListItem","position":1,"name":"Home","item":"https:\/\/www.rabamurakas.ee\/"},{"@type":"ListItem","position":2,"name":"Pood","item":"https:\/\/www.rabamurakas.ee\/pood\/"},{"@type":"ListItem","position":3,"name":"K\u00f6\u00f6giviljavaagen"}]},{"@type":"WebSite","@id":"https:\/\/rabamurakas.ee\/#website","url":"https:\/\/rabamurakas.ee\/","name":"Rabamurakas","description":"Lauake kata end!","publisher":{"@id":"https:\/\/rabamurakas.ee\/#organization"},"potentialAction":[{"@type":"SearchAction","target":{"@type":"EntryPoint","urlTemplate":"https:\/\/rabamurakas.ee\/?s={search_term_string}"},"query-input":{"@type":"PropertyValueSpecification","valueRequired":true,"valueName":"search_term_string"}}],"inLanguage":"en-GB"},{"@type":"Organization","@id":"https:\/\/rabamurakas.ee\/#organization","name":"Rabamurakas","url":"https:\/\/rabamurakas.ee\/","logo":{"@type":"ImageObject","inLanguage":"en-GB","@id":"https:\/\/rabamurakas.ee\/#\/schema\/logo\/image\/","url":"https:\/\/rabamurakas.ee\/wp-content\/uploads\/2022\/06\/Rabamurakas-5.png","contentUrl":"https:\/\/rabamurakas.ee\/wp-content\/uploads\/2022\/06\/Rabamurakas-5.png","width":940,"height":788,"caption":"Rabamurakas"},"image":{"@id":"https:\/\/rabamurakas.ee\/#\/schema\/logo\/image\/"},"sameAs":["https:\/\/www.facebook.com\/Rabamurakas"]}]}},"_links":{"self":[{"href":"https:\/\/www.rabamurakas.ee\/en\/wp-json\/wp\/v2\/product\/3082","targetHints":{"allow":["GET"]}}],"collection":[{"href":"https:\/\/www.rabamurakas.ee\/en\/wp-json\/wp\/v2\/product"}],"about":[{"href":"https:\/\/www.rabamurakas.ee\/en\/wp-json\/wp\/v2\/types\/product"}],"version-history":[{"count":1,"href":"https:\/\/www.rabamurakas.ee\/en\/wp-json\/wp\/v2\/product\/3082\/revisions"}],"predecessor-version":[{"id":3084,"href":"https:\/\/www.rabamurakas.ee\/en\/wp-json\/wp\/v2\/product\/3082\/revisions\/3084"}],"wp:featuredmedia":[{"embeddable":true,"href":"https:\/\/www.rabamurakas.ee\/en\/wp-json\/wp\/v2\/media\/3083"}],"wp:attachment":[{"href":"https:\/\/www.rabamurakas.ee\/en\/wp-json\/wp\/v2\/media?parent=3082"}],"wp:term":[{"taxonomy":"product_brand","embeddable":true,"href":"https:\/\/www.rabamurakas.ee\/en\/wp-json\/wp\/v2\/product_brand?post=3082"},{"taxonomy":"product_cat","embeddable":true,"href":"https:\/\/www.rabamurakas.ee\/en\/wp-json\/wp\/v2\/product_cat?post=3082"},{"taxonomy":"product_tag","embeddable":true,"href":"https:\/\/www.rabamurakas.ee\/en\/wp-json\/wp\/v2\/product_tag?post=3082"}],"curies":[{"name":"wp","href":"https:\/\/api.w.org\/{rel}","templated":true}]}}