{"id":2672,"date":"2023-12-14T10:27:25","date_gmt":"2023-12-14T10:27:25","guid":{"rendered":"https:\/\/www.rabamurakas.ee\/?post_type=product&#038;p=2672"},"modified":"2024-03-01T11:44:38","modified_gmt":"2024-03-01T11:44:38","slug":"valge-sokolaadi-mustsostrakook","status":"publish","type":"product","link":"https:\/\/www.rabamurakas.ee\/en\/product\/valge-sokolaadi-mustsostrakook\/","title":{"rendered":"Valge \u0161okolaadi-musts\u00f5strakook"},"content":{"rendered":"<p>Koostis: digestive k\u00fcpsis, <strong>v\u00f5i, kreeka jogurt<\/strong>, valge sokolaad, musts\u00f5strad, suhkur, zelatiin, vesi<\/p>\n<p>S\u00e4ilitada temperatuuril +2\u00b0- +6\u00b0<\/p>","protected":false},"excerpt":{"rendered":"<p>Valge \u0161okolaadi musts\u00f5strakook kreeka jogurtiga on nii m\u00f5negi &#8220;ei s\u00f6\u00f6 torti&#8221; inimese pannud hoopiski torti s\u00f6\u00f6ma.<\/p>\n<p><em>(Allergens: wheat flour, milk, egg, soy)<\/em><\/p>\n<p>ETTETELLIMINE v\u00e4hemalt 48 tundi enne soovitud kuup\u00e4eva.<\/p>\n<p>Pilt on illustreeriv, kaunistus\u00a0 varieerub. Tooted kaunistatakse valmistaja poolt vabal valikul, kui klient ei esita erisoove v\u00f5i ei telli juurde teksti.<\/p>\n<p>&nbsp;<\/p>","protected":false},"featured_media":2678,"template":"","meta":{"site-sidebar-layout":"default","site-content-layout":"","ast-site-content-layout":"default","site-content-style":"default","site-sidebar-style":"default","ast-global-header-display":"","ast-banner-title-visibility":"","ast-main-header-display":"","ast-hfb-above-header-display":"","ast-hfb-below-header-display":"","ast-hfb-mobile-header-display":"","site-post-title":"","ast-breadcrumbs-content":"","ast-featured-img":"","footer-sml-layout":"","theme-transparent-header-meta":"default","adv-header-id-meta":"","stick-header-meta":"","header-above-stick-meta":"","header-main-stick-meta":"","header-below-stick-meta":"","astra-migrate-meta-layouts":"set","ast-page-background-enabled":"default","ast-page-background-meta":{"desktop":{"background-color":"var(--ast-global-color-4)","background-image":"","background-repeat":"repeat","background-position":"center center","background-size":"auto","background-attachment":"scroll","background-type":"","background-media":"","overlay-type":"","overlay-color":"","overlay-opacity":"","overlay-gradient":""},"tablet":{"background-color":"","background-image":"","background-repeat":"repeat","background-position":"center center","background-size":"auto","background-attachment":"scroll","background-type":"","background-media":"","overlay-type":"","overlay-color":"","overlay-opacity":"","overlay-gradient":""},"mobile":{"background-color":"","background-image":"","background-repeat":"repeat","background-position":"center center","background-size":"auto","background-attachment":"scroll","background-type":"","background-media":"","overlay-type":"","overlay-color":"","overlay-opacity":"","overlay-gradient":""}},"ast-content-background-meta":{"desktop":{"background-color":"var(--ast-global-color-5)","background-image":"","background-repeat":"repeat","background-position":"center center","background-size":"auto","background-attachment":"scroll","background-type":"","background-media":"","overlay-type":"","overlay-color":"","overlay-opacity":"","overlay-gradient":""},"tablet":{"background-color":"var(--ast-global-color-5)","background-image":"","background-repeat":"repeat","background-position":"center center","background-size":"auto","background-attachment":"scroll","background-type":"","background-media":"","overlay-type":"","overlay-color":"","overlay-opacity":"","overlay-gradient":""},"mobile":{"background-color":"var(--ast-global-color-5)","background-image":"","background-repeat":"repeat","background-position":"center center","background-size":"auto","background-attachment":"scroll","background-type":"","background-media":"","overlay-type":"","overlay-color":"","overlay-opacity":"","overlay-gradient":""}}},"product_brand":[],"product_cat":[42],"product_tag":[],"class_list":{"0":"post-2672","1":"product","2":"type-product","3":"status-publish","4":"has-post-thumbnail","6":"product_cat-magusadtordid","7":"desktop-align-left","8":"tablet-align-left","9":"mobile-align-left","10":"wcpa_has_options","12":"first","13":"instock","14":"taxable","15":"shipping-taxable","16":"purchasable","17":"product-type-variable"},"yoast_head":"<!-- This site is optimized with the Yoast SEO plugin v27.5 - https:\/\/yoast.com\/product\/yoast-seo-wordpress\/ -->\n<title>Valge \u0161okolaadi-musts\u00f5strakook - Rabamurakas<\/title>\n<meta name=\"description\" content=\"Valge \u0161okolaadi musts\u00f5strakook kreeka jogurtiga on nii m\u00f5negi &quot;ei s\u00f6\u00f6 torti&quot; inimese pannud hoopiski torti s\u00f6\u00f6ma.\u00a0\" \/>\n<meta name=\"robots\" content=\"index, follow, max-snippet:-1, max-image-preview:large, max-video-preview:-1\" \/>\n<link rel=\"canonical\" href=\"https:\/\/www.rabamurakas.ee\/en\/product\/valge-sokolaadi-mustsostrakook\/\" \/>\n<meta property=\"og:locale\" content=\"en_GB\" \/>\n<meta property=\"og:type\" content=\"article\" \/>\n<meta property=\"og:title\" content=\"Valge \u0161okolaadi-musts\u00f5strakook - Rabamurakas\" \/>\n<meta property=\"og:description\" content=\"Valge \u0161okolaadi musts\u00f5strakook kreeka jogurtiga on nii m\u00f5negi &quot;ei s\u00f6\u00f6 torti&quot; inimese pannud hoopiski torti s\u00f6\u00f6ma.\u00a0\" \/>\n<meta property=\"og:url\" content=\"https:\/\/www.rabamurakas.ee\/en\/product\/valge-sokolaadi-mustsostrakook\/\" \/>\n<meta property=\"og:site_name\" content=\"Rabamurakas\" \/>\n<meta property=\"article:publisher\" content=\"https:\/\/www.facebook.com\/Rabamurakas\" \/>\n<meta property=\"article:modified_time\" content=\"2024-03-01T11:44:38+00:00\" \/>\n<meta property=\"og:image\" content=\"https:\/\/rabamurakas.ee\/wp-content\/uploads\/2023\/12\/20210506_081716-scaled.jpg\" \/>\n\t<meta property=\"og:image:width\" content=\"2560\" \/>\n\t<meta property=\"og:image:height\" content=\"2536\" \/>\n\t<meta property=\"og:image:type\" content=\"image\/jpeg\" \/>\n<meta name=\"twitter:card\" content=\"summary_large_image\" \/>\n<script type=\"application\/ld+json\" class=\"yoast-schema-graph\">{\"@context\":\"https:\\\/\\\/schema.org\",\"@graph\":[{\"@type\":\"WebPage\",\"@id\":\"https:\\\/\\\/www.rabamurakas.ee\\\/toode\\\/valge-sokolaadi-mustsostrakook\\\/\",\"url\":\"https:\\\/\\\/www.rabamurakas.ee\\\/toode\\\/valge-sokolaadi-mustsostrakook\\\/\",\"name\":\"Valge \u0161okolaadi-musts\u00f5strakook - Rabamurakas\",\"isPartOf\":{\"@id\":\"https:\\\/\\\/rabamurakas.ee\\\/en\\\/#website\"},\"primaryImageOfPage\":{\"@id\":\"https:\\\/\\\/www.rabamurakas.ee\\\/toode\\\/valge-sokolaadi-mustsostrakook\\\/#primaryimage\"},\"image\":{\"@id\":\"https:\\\/\\\/www.rabamurakas.ee\\\/toode\\\/valge-sokolaadi-mustsostrakook\\\/#primaryimage\"},\"thumbnailUrl\":\"https:\\\/\\\/rabamurakas.ee\\\/wp-content\\\/uploads\\\/2023\\\/12\\\/20210506_081716-scaled.jpg\",\"datePublished\":\"2023-12-14T10:27:25+00:00\",\"dateModified\":\"2024-03-01T11:44:38+00:00\",\"description\":\"Valge \u0161okolaadi musts\u00f5strakook kreeka jogurtiga on nii m\u00f5negi \\\"ei s\u00f6\u00f6 torti\\\" inimese pannud hoopiski torti s\u00f6\u00f6ma.\u00a0\",\"breadcrumb\":{\"@id\":\"https:\\\/\\\/www.rabamurakas.ee\\\/toode\\\/valge-sokolaadi-mustsostrakook\\\/#breadcrumb\"},\"inLanguage\":\"en-GB\",\"potentialAction\":[{\"@type\":\"ReadAction\",\"target\":[\"https:\\\/\\\/www.rabamurakas.ee\\\/toode\\\/valge-sokolaadi-mustsostrakook\\\/\"]}]},{\"@type\":\"ImageObject\",\"inLanguage\":\"en-GB\",\"@id\":\"https:\\\/\\\/www.rabamurakas.ee\\\/toode\\\/valge-sokolaadi-mustsostrakook\\\/#primaryimage\",\"url\":\"https:\\\/\\\/rabamurakas.ee\\\/wp-content\\\/uploads\\\/2023\\\/12\\\/20210506_081716-scaled.jpg\",\"contentUrl\":\"https:\\\/\\\/rabamurakas.ee\\\/wp-content\\\/uploads\\\/2023\\\/12\\\/20210506_081716-scaled.jpg\",\"width\":2560,\"height\":2536},{\"@type\":\"BreadcrumbList\",\"@id\":\"https:\\\/\\\/www.rabamurakas.ee\\\/toode\\\/valge-sokolaadi-mustsostrakook\\\/#breadcrumb\",\"itemListElement\":[{\"@type\":\"ListItem\",\"position\":1,\"name\":\"Home\",\"item\":\"https:\\\/\\\/rabamurakas.ee\\\/en\\\/\"},{\"@type\":\"ListItem\",\"position\":2,\"name\":\"Pood\",\"item\":\"https:\\\/\\\/www.rabamurakas.ee\\\/pood\\\/\"},{\"@type\":\"ListItem\",\"position\":3,\"name\":\"Valge \u0161okolaadi-musts\u00f5strakook\"}]},{\"@type\":\"WebSite\",\"@id\":\"https:\\\/\\\/rabamurakas.ee\\\/en\\\/#website\",\"url\":\"https:\\\/\\\/rabamurakas.ee\\\/en\\\/\",\"name\":\"Rabamurakas\",\"description\":\"Lauake kata end!\",\"publisher\":{\"@id\":\"https:\\\/\\\/rabamurakas.ee\\\/en\\\/#organization\"},\"potentialAction\":[{\"@type\":\"SearchAction\",\"target\":{\"@type\":\"EntryPoint\",\"urlTemplate\":\"https:\\\/\\\/rabamurakas.ee\\\/en\\\/?s={search_term_string}\"},\"query-input\":{\"@type\":\"PropertyValueSpecification\",\"valueRequired\":true,\"valueName\":\"search_term_string\"}}],\"inLanguage\":\"en-GB\"},{\"@type\":\"Organization\",\"@id\":\"https:\\\/\\\/rabamurakas.ee\\\/en\\\/#organization\",\"name\":\"Rabamurakas\",\"url\":\"https:\\\/\\\/rabamurakas.ee\\\/en\\\/\",\"logo\":{\"@type\":\"ImageObject\",\"inLanguage\":\"en-GB\",\"@id\":\"https:\\\/\\\/rabamurakas.ee\\\/en\\\/#\\\/schema\\\/logo\\\/image\\\/\",\"url\":\"https:\\\/\\\/rabamurakas.ee\\\/wp-content\\\/uploads\\\/2022\\\/06\\\/Rabamurakas-5.png\",\"contentUrl\":\"https:\\\/\\\/rabamurakas.ee\\\/wp-content\\\/uploads\\\/2022\\\/06\\\/Rabamurakas-5.png\",\"width\":940,\"height\":788,\"caption\":\"Rabamurakas\"},\"image\":{\"@id\":\"https:\\\/\\\/rabamurakas.ee\\\/en\\\/#\\\/schema\\\/logo\\\/image\\\/\"},\"sameAs\":[\"https:\\\/\\\/www.facebook.com\\\/Rabamurakas\"]}]}<\/script>\n<!-- \/ Yoast SEO plugin. -->","yoast_head_json":{"title":"Valge \u0161okolaadi-musts\u00f5strakook - Rabamurakas","description":"Valge \u0161okolaadi musts\u00f5strakook kreeka jogurtiga on nii m\u00f5negi \"ei s\u00f6\u00f6 torti\" inimese pannud hoopiski torti s\u00f6\u00f6ma.\u00a0","robots":{"index":"index","follow":"follow","max-snippet":"max-snippet:-1","max-image-preview":"max-image-preview:large","max-video-preview":"max-video-preview:-1"},"canonical":"https:\/\/www.rabamurakas.ee\/en\/product\/valge-sokolaadi-mustsostrakook\/","og_locale":"en_GB","og_type":"article","og_title":"Valge \u0161okolaadi-musts\u00f5strakook - Rabamurakas","og_description":"Valge \u0161okolaadi musts\u00f5strakook kreeka jogurtiga on nii m\u00f5negi \"ei s\u00f6\u00f6 torti\" inimese pannud hoopiski torti s\u00f6\u00f6ma.\u00a0","og_url":"https:\/\/www.rabamurakas.ee\/en\/product\/valge-sokolaadi-mustsostrakook\/","og_site_name":"Rabamurakas","article_publisher":"https:\/\/www.facebook.com\/Rabamurakas","article_modified_time":"2024-03-01T11:44:38+00:00","og_image":[{"width":2560,"height":2536,"url":"https:\/\/rabamurakas.ee\/wp-content\/uploads\/2023\/12\/20210506_081716-scaled.jpg","type":"image\/jpeg"}],"twitter_card":"summary_large_image","schema":{"@context":"https:\/\/schema.org","@graph":[{"@type":"WebPage","@id":"https:\/\/www.rabamurakas.ee\/toode\/valge-sokolaadi-mustsostrakook\/","url":"https:\/\/www.rabamurakas.ee\/toode\/valge-sokolaadi-mustsostrakook\/","name":"Valge \u0161okolaadi-musts\u00f5strakook - Rabamurakas","isPartOf":{"@id":"https:\/\/rabamurakas.ee\/en\/#website"},"primaryImageOfPage":{"@id":"https:\/\/www.rabamurakas.ee\/toode\/valge-sokolaadi-mustsostrakook\/#primaryimage"},"image":{"@id":"https:\/\/www.rabamurakas.ee\/toode\/valge-sokolaadi-mustsostrakook\/#primaryimage"},"thumbnailUrl":"https:\/\/rabamurakas.ee\/wp-content\/uploads\/2023\/12\/20210506_081716-scaled.jpg","datePublished":"2023-12-14T10:27:25+00:00","dateModified":"2024-03-01T11:44:38+00:00","description":"Valge \u0161okolaadi musts\u00f5strakook kreeka jogurtiga on nii m\u00f5negi \"ei s\u00f6\u00f6 torti\" inimese pannud hoopiski torti s\u00f6\u00f6ma.\u00a0","breadcrumb":{"@id":"https:\/\/www.rabamurakas.ee\/toode\/valge-sokolaadi-mustsostrakook\/#breadcrumb"},"inLanguage":"en-GB","potentialAction":[{"@type":"ReadAction","target":["https:\/\/www.rabamurakas.ee\/toode\/valge-sokolaadi-mustsostrakook\/"]}]},{"@type":"ImageObject","inLanguage":"en-GB","@id":"https:\/\/www.rabamurakas.ee\/toode\/valge-sokolaadi-mustsostrakook\/#primaryimage","url":"https:\/\/rabamurakas.ee\/wp-content\/uploads\/2023\/12\/20210506_081716-scaled.jpg","contentUrl":"https:\/\/rabamurakas.ee\/wp-content\/uploads\/2023\/12\/20210506_081716-scaled.jpg","width":2560,"height":2536},{"@type":"BreadcrumbList","@id":"https:\/\/www.rabamurakas.ee\/toode\/valge-sokolaadi-mustsostrakook\/#breadcrumb","itemListElement":[{"@type":"ListItem","position":1,"name":"Home","item":"https:\/\/rabamurakas.ee\/en\/"},{"@type":"ListItem","position":2,"name":"Pood","item":"https:\/\/www.rabamurakas.ee\/pood\/"},{"@type":"ListItem","position":3,"name":"Valge \u0161okolaadi-musts\u00f5strakook"}]},{"@type":"WebSite","@id":"https:\/\/rabamurakas.ee\/en\/#website","url":"https:\/\/rabamurakas.ee\/en\/","name":"Rabamurakas","description":"Lauake kata end!","publisher":{"@id":"https:\/\/rabamurakas.ee\/en\/#organization"},"potentialAction":[{"@type":"SearchAction","target":{"@type":"EntryPoint","urlTemplate":"https:\/\/rabamurakas.ee\/en\/?s={search_term_string}"},"query-input":{"@type":"PropertyValueSpecification","valueRequired":true,"valueName":"search_term_string"}}],"inLanguage":"en-GB"},{"@type":"Organization","@id":"https:\/\/rabamurakas.ee\/en\/#organization","name":"Rabamurakas","url":"https:\/\/rabamurakas.ee\/en\/","logo":{"@type":"ImageObject","inLanguage":"en-GB","@id":"https:\/\/rabamurakas.ee\/en\/#\/schema\/logo\/image\/","url":"https:\/\/rabamurakas.ee\/wp-content\/uploads\/2022\/06\/Rabamurakas-5.png","contentUrl":"https:\/\/rabamurakas.ee\/wp-content\/uploads\/2022\/06\/Rabamurakas-5.png","width":940,"height":788,"caption":"Rabamurakas"},"image":{"@id":"https:\/\/rabamurakas.ee\/en\/#\/schema\/logo\/image\/"},"sameAs":["https:\/\/www.facebook.com\/Rabamurakas"]}]}},"_links":{"self":[{"href":"https:\/\/www.rabamurakas.ee\/en\/wp-json\/wp\/v2\/product\/2672","targetHints":{"allow":["GET"]}}],"collection":[{"href":"https:\/\/www.rabamurakas.ee\/en\/wp-json\/wp\/v2\/product"}],"about":[{"href":"https:\/\/www.rabamurakas.ee\/en\/wp-json\/wp\/v2\/types\/product"}],"version-history":[{"count":5,"href":"https:\/\/www.rabamurakas.ee\/en\/wp-json\/wp\/v2\/product\/2672\/revisions"}],"predecessor-version":[{"id":3018,"href":"https:\/\/www.rabamurakas.ee\/en\/wp-json\/wp\/v2\/product\/2672\/revisions\/3018"}],"wp:featuredmedia":[{"embeddable":true,"href":"https:\/\/www.rabamurakas.ee\/en\/wp-json\/wp\/v2\/media\/2678"}],"wp:attachment":[{"href":"https:\/\/www.rabamurakas.ee\/en\/wp-json\/wp\/v2\/media?parent=2672"}],"wp:term":[{"taxonomy":"product_brand","embeddable":true,"href":"https:\/\/www.rabamurakas.ee\/en\/wp-json\/wp\/v2\/product_brand?post=2672"},{"taxonomy":"product_cat","embeddable":true,"href":"https:\/\/www.rabamurakas.ee\/en\/wp-json\/wp\/v2\/product_cat?post=2672"},{"taxonomy":"product_tag","embeddable":true,"href":"https:\/\/www.rabamurakas.ee\/en\/wp-json\/wp\/v2\/product_tag?post=2672"}],"curies":[{"name":"wp","href":"https:\/\/api.w.org\/{rel}","templated":true}]}}