{"id":1585,"date":"2022-06-05T05:36:43","date_gmt":"2022-06-05T05:36:43","guid":{"rendered":"https:\/\/rabamurakas.ee\/?page_id=1585"},"modified":"2023-12-06T08:26:35","modified_gmt":"2023-12-06T08:26:35","slug":"uritused","status":"publish","type":"page","link":"https:\/\/www.rabamurakas.ee\/en\/uritused\/","title":{"rendered":"Events"},"content":{"rendered":"<div data-elementor-type=\"wp-page\" data-elementor-id=\"1585\" class=\"elementor elementor-1585\" data-elementor-post-type=\"page\">\n\t\t\t\t\t\t<section class=\"elementor-section elementor-top-section elementor-element elementor-element-ea7c834 elementor-section-boxed elementor-section-height-default elementor-section-height-default\" data-id=\"ea7c834\" data-element_type=\"section\" data-e-type=\"section\">\n\t\t\t\t\t\t<div class=\"elementor-container elementor-column-gap-default\">\n\t\t\t\t\t<div class=\"elementor-column elementor-col-100 elementor-top-column elementor-element elementor-element-0bbe5d8\" data-id=\"0bbe5d8\" data-element_type=\"column\" data-e-type=\"column\">\n\t\t\t<div class=\"elementor-widget-wrap elementor-element-populated\">\n\t\t\t\t\t\t<div class=\"elementor-element elementor-element-e2c5ce0 elementor-widget elementor-widget-text-editor\" data-id=\"e2c5ce0\" data-element_type=\"widget\" data-e-type=\"widget\" data-widget_type=\"text-editor.default\">\n\t\t\t\t<div class=\"elementor-widget-container\">\n\t\t\t\t\t\t\t\t\t<h4>Previous events<\/h4><p>\u00a0<\/p><h6><span style=\"color: #466b41;\">Rabamurakas take over Tillu 31.10-04.11.23<\/span><\/h6><h6><a href=\"https:\/\/www.facebook.com\/events\/337001248810572\">https:\/\/www.facebook.com\/events\/337001248810572<\/a><\/h6><h6><span style=\"color: #466b41;\">Rabamurakaga rappa matk\u00a010.12.22<\/span><\/h6><h6>\u00a0<span style=\"color: #0000ff;\"><a style=\"color: #0000ff;\" href=\"https:\/\/www.facebook.com\/events\/682024866764815\/?ref=newsfeed\">Rabamurakaga rappa! | Facebook<\/a><\/span><\/h6><p><span style=\"color: #3a5736;\">Karlova kodukohvikute p\u00e4ev 21.05.22<\/span><\/p><p><span style=\"color: #0000ff;\"><a style=\"color: #0000ff;\" href=\"https:\/\/www.facebook.com\/events\/695478908234884?ref=newsfeed\">Rabamuraka Cafe | Facebook<\/a><\/span><\/p>\t\t\t\t\t\t\t\t<\/div>\n\t\t\t\t<\/div>\n\t\t\t\t\t<\/div>\n\t\t<\/div>\n\t\t\t\t\t<\/div>\n\t\t<\/section>\n\t\t\t\t<section class=\"elementor-section elementor-top-section elementor-element elementor-element-ed314a8 elementor-section-boxed elementor-section-height-default elementor-section-height-default\" data-id=\"ed314a8\" data-element_type=\"section\" data-e-type=\"section\">\n\t\t\t\t\t\t<div class=\"elementor-container elementor-column-gap-default\">\n\t\t\t\t\t<div class=\"elementor-column elementor-col-100 elementor-top-column elementor-element elementor-element-d247de6\" data-id=\"d247de6\" data-element_type=\"column\" data-e-type=\"column\">\n\t\t\t<div class=\"elementor-widget-wrap elementor-element-populated\">\n\t\t\t\t\t\t<div class=\"elementor-element elementor-element-4c503ae elementor-widget elementor-widget-image-gallery\" data-id=\"4c503ae\" data-element_type=\"widget\" data-e-type=\"widget\" data-widget_type=\"image-gallery.default\">\n\t\t\t\t<div class=\"elementor-widget-container\">\n\t\t\t\t\t\t\t<div class=\"elementor-image-gallery\">\n\t\t\t<div id='gallery-1' class='gallery galleryid-1585 gallery-columns-4 gallery-size-medium'><figure class='gallery-item'>\n\t\t\t<div class='gallery-icon portrait'>\n\t\t\t\t<a href='https:\/\/www.rabamurakas.ee\/wp-content\/uploads\/2022\/06\/8-scaled.jpg'><img fetchpriority=\"high\" decoding=\"async\" width=\"200\" height=\"300\" src=\"https:\/\/www.rabamurakas.ee\/wp-content\/uploads\/2022\/06\/8-200x300.jpg\" class=\"attachment-medium size-medium\" alt=\"\" srcset=\"https:\/\/www.rabamurakas.ee\/wp-content\/uploads\/2022\/06\/8-200x300.jpg 200w, https:\/\/www.rabamurakas.ee\/wp-content\/uploads\/2022\/06\/8-scaled-600x900.jpg 600w, https:\/\/www.rabamurakas.ee\/wp-content\/uploads\/2022\/06\/8-683x1024.jpg 683w, https:\/\/www.rabamurakas.ee\/wp-content\/uploads\/2022\/06\/8-768x1152.jpg 768w, https:\/\/www.rabamurakas.ee\/wp-content\/uploads\/2022\/06\/8-1024x1536.jpg 1024w, https:\/\/www.rabamurakas.ee\/wp-content\/uploads\/2022\/06\/8-1365x2048.jpg 1365w, https:\/\/www.rabamurakas.ee\/wp-content\/uploads\/2022\/06\/8-1320x1980.jpg 1320w, https:\/\/www.rabamurakas.ee\/wp-content\/uploads\/2022\/06\/8-scaled.jpg 1707w\" sizes=\"(max-width: 200px) 100vw, 200px\" \/><\/a>\n\t\t\t<\/div><\/figure><figure class='gallery-item'>\n\t\t\t<div class='gallery-icon portrait'>\n\t\t\t\t<a href='https:\/\/www.rabamurakas.ee\/wp-content\/uploads\/2022\/06\/13-scaled.jpg'><img decoding=\"async\" width=\"200\" height=\"300\" src=\"https:\/\/www.rabamurakas.ee\/wp-content\/uploads\/2022\/06\/13-200x300.jpg\" class=\"attachment-medium size-medium\" alt=\"\" srcset=\"https:\/\/www.rabamurakas.ee\/wp-content\/uploads\/2022\/06\/13-200x300.jpg 200w, https:\/\/www.rabamurakas.ee\/wp-content\/uploads\/2022\/06\/13-scaled-600x900.jpg 600w, https:\/\/www.rabamurakas.ee\/wp-content\/uploads\/2022\/06\/13-683x1024.jpg 683w, https:\/\/www.rabamurakas.ee\/wp-content\/uploads\/2022\/06\/13-768x1152.jpg 768w, https:\/\/www.rabamurakas.ee\/wp-content\/uploads\/2022\/06\/13-1024x1536.jpg 1024w, https:\/\/www.rabamurakas.ee\/wp-content\/uploads\/2022\/06\/13-1365x2048.jpg 1365w, https:\/\/www.rabamurakas.ee\/wp-content\/uploads\/2022\/06\/13-1320x1980.jpg 1320w, https:\/\/www.rabamurakas.ee\/wp-content\/uploads\/2022\/06\/13-scaled.jpg 1707w\" sizes=\"(max-width: 200px) 100vw, 200px\" \/><\/a>\n\t\t\t<\/div><\/figure><figure class='gallery-item'>\n\t\t\t<div class='gallery-icon portrait'>\n\t\t\t\t<a href='https:\/\/www.rabamurakas.ee\/wp-content\/uploads\/2022\/06\/2-scaled.jpg'><img decoding=\"async\" width=\"200\" height=\"300\" src=\"https:\/\/www.rabamurakas.ee\/wp-content\/uploads\/2022\/06\/2-200x300.jpg\" class=\"attachment-medium size-medium\" alt=\"\" srcset=\"https:\/\/www.rabamurakas.ee\/wp-content\/uploads\/2022\/06\/2-200x300.jpg 200w, https:\/\/www.rabamurakas.ee\/wp-content\/uploads\/2022\/06\/2-scaled-600x900.jpg 600w, https:\/\/www.rabamurakas.ee\/wp-content\/uploads\/2022\/06\/2-683x1024.jpg 683w, https:\/\/www.rabamurakas.ee\/wp-content\/uploads\/2022\/06\/2-768x1152.jpg 768w, https:\/\/www.rabamurakas.ee\/wp-content\/uploads\/2022\/06\/2-1024x1536.jpg 1024w, https:\/\/www.rabamurakas.ee\/wp-content\/uploads\/2022\/06\/2-1365x2048.jpg 1365w, https:\/\/www.rabamurakas.ee\/wp-content\/uploads\/2022\/06\/2-1320x1980.jpg 1320w, https:\/\/www.rabamurakas.ee\/wp-content\/uploads\/2022\/06\/2-scaled.jpg 1707w\" sizes=\"(max-width: 200px) 100vw, 200px\" \/><\/a>\n\t\t\t<\/div><\/figure><figure class='gallery-item'>\n\t\t\t<div class='gallery-icon portrait'>\n\t\t\t\t<a href='https:\/\/www.rabamurakas.ee\/wp-content\/uploads\/2022\/06\/4-scaled.jpg'><img loading=\"lazy\" decoding=\"async\" width=\"200\" height=\"300\" src=\"https:\/\/www.rabamurakas.ee\/wp-content\/uploads\/2022\/06\/4-200x300.jpg\" class=\"attachment-medium size-medium\" alt=\"\" srcset=\"https:\/\/www.rabamurakas.ee\/wp-content\/uploads\/2022\/06\/4-200x300.jpg 200w, https:\/\/www.rabamurakas.ee\/wp-content\/uploads\/2022\/06\/4-scaled-600x900.jpg 600w, https:\/\/www.rabamurakas.ee\/wp-content\/uploads\/2022\/06\/4-683x1024.jpg 683w, https:\/\/www.rabamurakas.ee\/wp-content\/uploads\/2022\/06\/4-768x1152.jpg 768w, https:\/\/www.rabamurakas.ee\/wp-content\/uploads\/2022\/06\/4-1024x1536.jpg 1024w, https:\/\/www.rabamurakas.ee\/wp-content\/uploads\/2022\/06\/4-1365x2048.jpg 1365w, https:\/\/www.rabamurakas.ee\/wp-content\/uploads\/2022\/06\/4-1320x1980.jpg 1320w, https:\/\/www.rabamurakas.ee\/wp-content\/uploads\/2022\/06\/4-scaled.jpg 1707w\" sizes=\"(max-width: 200px) 100vw, 200px\" \/><\/a>\n\t\t\t<\/div><\/figure>\n\t\t<\/div>\n\t\t<\/div>\n\t\t\t\t\t\t<\/div>\n\t\t\t\t<\/div>\n\t\t\t\t\t<\/div>\n\t\t<\/div>\n\t\t\t\t\t<\/div>\n\t\t<\/section>\n\t\t\t\t<\/div>","protected":false},"excerpt":{"rendered":"<p>Toimunud \u00fcritused \u00a0 Rabamurakas take over Tillu 31.10-04.11.23 https:\/\/www.facebook.com\/events\/337001248810572 Rabamurakaga rappa matk\u00a010.12.22 \u00a0Rabamurakaga rappa! | Facebook Karlova kodukohvikute p\u00e4ev 21.05.22 Rabamuraka kohvik | Facebook<\/p>","protected":false},"author":1,"featured_media":0,"parent":0,"menu_order":0,"comment_status":"closed","ping_status":"closed","template":"","meta":{"site-sidebar-layout":"no-sidebar","site-content-layout":"page-builder","ast-site-content-layout":"","site-content-style":"default","site-sidebar-style":"default","ast-global-header-display":"","ast-banner-title-visibility":"","ast-main-header-display":"","ast-hfb-above-header-display":"","ast-hfb-below-header-display":"","ast-hfb-mobile-header-display":"","site-post-title":"disabled","ast-breadcrumbs-content":"","ast-featured-img":"disabled","footer-sml-layout":"","theme-transparent-header-meta":"default","adv-header-id-meta":"","stick-header-meta":"","header-above-stick-meta":"","header-main-stick-meta":"","header-below-stick-meta":"","astra-migrate-meta-layouts":"default","ast-page-background-enabled":"default","ast-page-background-meta":{"desktop":{"background-color":"var(--ast-global-color-4)","background-image":"","background-repeat":"repeat","background-position":"center center","background-size":"auto","background-attachment":"scroll","background-type":"","background-media":"","overlay-type":"","overlay-color":"","overlay-opacity":"","overlay-gradient":""},"tablet":{"background-color":"","background-image":"","background-repeat":"repeat","background-position":"center center","background-size":"auto","background-attachment":"scroll","background-type":"","background-media":"","overlay-type":"","overlay-color":"","overlay-opacity":"","overlay-gradient":""},"mobile":{"background-color":"","background-image":"","background-repeat":"repeat","background-position":"center center","background-size":"auto","background-attachment":"scroll","background-type":"","background-media":"","overlay-type":"","overlay-color":"","overlay-opacity":"","overlay-gradient":""}},"ast-content-background-meta":{"desktop":{"background-color":"var(--ast-global-color-5)","background-image":"","background-repeat":"repeat","background-position":"center center","background-size":"auto","background-attachment":"scroll","background-type":"","background-media":"","overlay-type":"","overlay-color":"","overlay-opacity":"","overlay-gradient":""},"tablet":{"background-color":"var(--ast-global-color-5)","background-image":"","background-repeat":"repeat","background-position":"center center","background-size":"auto","background-attachment":"scroll","background-type":"","background-media":"","overlay-type":"","overlay-color":"","overlay-opacity":"","overlay-gradient":""},"mobile":{"background-color":"var(--ast-global-color-5)","background-image":"","background-repeat":"repeat","background-position":"center center","background-size":"auto","background-attachment":"scroll","background-type":"","background-media":"","overlay-type":"","overlay-color":"","overlay-opacity":"","overlay-gradient":""}},"footnotes":""},"class_list":["post-1585","page","type-page","status-publish","hentry"],"yoast_head":"<!-- This site is optimized with the Yoast SEO plugin v27.5 - https:\/\/yoast.com\/product\/yoast-seo-wordpress\/ -->\n<title>\u00dcritused - Rabamurakas<\/title>\n<meta name=\"description\" content=\"Kevadel osalesime kodukohvikutep\u00e4eval ja talvel korraldasime lumist rabamatka. Hoia silm peal mida p\u00f5nevat j\u00e4rgmiseks teeme.\" \/>\n<meta name=\"robots\" content=\"index, follow, max-snippet:-1, max-image-preview:large, max-video-preview:-1\" \/>\n<link rel=\"canonical\" href=\"https:\/\/www.rabamurakas.ee\/en\/uritused\/\" \/>\n<meta property=\"og:locale\" content=\"en_GB\" \/>\n<meta property=\"og:type\" content=\"article\" \/>\n<meta property=\"og:title\" content=\"\u00dcritused - Rabamurakas\" \/>\n<meta property=\"og:description\" content=\"Kevadel osalesime kodukohvikutep\u00e4eval ja talvel korraldasime lumist rabamatka. Hoia silm peal mida p\u00f5nevat j\u00e4rgmiseks teeme.\" \/>\n<meta property=\"og:url\" content=\"https:\/\/www.rabamurakas.ee\/en\/uritused\/\" \/>\n<meta property=\"og:site_name\" content=\"Rabamurakas\" \/>\n<meta property=\"article:publisher\" content=\"https:\/\/www.facebook.com\/Rabamurakas\" \/>\n<meta property=\"article:modified_time\" content=\"2023-12-06T08:26:35+00:00\" \/>\n<meta property=\"og:image\" content=\"https:\/\/www.rabamurakas.ee\/wp-content\/uploads\/2022\/06\/8-200x300.jpg\" \/>\n<meta name=\"twitter:card\" content=\"summary_large_image\" \/>\n<script type=\"application\/ld+json\" class=\"yoast-schema-graph\">{\"@context\":\"https:\\\/\\\/schema.org\",\"@graph\":[{\"@type\":\"WebPage\",\"@id\":\"https:\\\/\\\/www.rabamurakas.ee\\\/en\\\/uritused\\\/\",\"url\":\"https:\\\/\\\/www.rabamurakas.ee\\\/en\\\/uritused\\\/\",\"name\":\"\u00dcritused - Rabamurakas\",\"isPartOf\":{\"@id\":\"https:\\\/\\\/rabamurakas.ee\\\/en\\\/#website\"},\"primaryImageOfPage\":{\"@id\":\"https:\\\/\\\/www.rabamurakas.ee\\\/en\\\/uritused\\\/#primaryimage\"},\"image\":{\"@id\":\"https:\\\/\\\/www.rabamurakas.ee\\\/en\\\/uritused\\\/#primaryimage\"},\"thumbnailUrl\":\"https:\\\/\\\/www.rabamurakas.ee\\\/wp-content\\\/uploads\\\/2022\\\/06\\\/8-200x300.jpg\",\"datePublished\":\"2022-06-05T05:36:43+00:00\",\"dateModified\":\"2023-12-06T08:26:35+00:00\",\"description\":\"Kevadel osalesime kodukohvikutep\u00e4eval ja talvel korraldasime lumist rabamatka. Hoia silm peal mida p\u00f5nevat j\u00e4rgmiseks teeme.\",\"breadcrumb\":{\"@id\":\"https:\\\/\\\/www.rabamurakas.ee\\\/en\\\/uritused\\\/#breadcrumb\"},\"inLanguage\":\"en-GB\",\"potentialAction\":[{\"@type\":\"ReadAction\",\"target\":[\"https:\\\/\\\/www.rabamurakas.ee\\\/en\\\/uritused\\\/\"]}]},{\"@type\":\"ImageObject\",\"inLanguage\":\"en-GB\",\"@id\":\"https:\\\/\\\/www.rabamurakas.ee\\\/en\\\/uritused\\\/#primaryimage\",\"url\":\"https:\\\/\\\/www.rabamurakas.ee\\\/wp-content\\\/uploads\\\/2022\\\/06\\\/8-200x300.jpg\",\"contentUrl\":\"https:\\\/\\\/www.rabamurakas.ee\\\/wp-content\\\/uploads\\\/2022\\\/06\\\/8-200x300.jpg\"},{\"@type\":\"BreadcrumbList\",\"@id\":\"https:\\\/\\\/www.rabamurakas.ee\\\/en\\\/uritused\\\/#breadcrumb\",\"itemListElement\":[{\"@type\":\"ListItem\",\"position\":1,\"name\":\"Home\",\"item\":\"https:\\\/\\\/rabamurakas.ee\\\/en\\\/\"},{\"@type\":\"ListItem\",\"position\":2,\"name\":\"\u00dcritused\"}]},{\"@type\":\"WebSite\",\"@id\":\"https:\\\/\\\/rabamurakas.ee\\\/en\\\/#website\",\"url\":\"https:\\\/\\\/rabamurakas.ee\\\/en\\\/\",\"name\":\"Rabamurakas\",\"description\":\"Lauake kata end!\",\"publisher\":{\"@id\":\"https:\\\/\\\/rabamurakas.ee\\\/en\\\/#organization\"},\"potentialAction\":[{\"@type\":\"SearchAction\",\"target\":{\"@type\":\"EntryPoint\",\"urlTemplate\":\"https:\\\/\\\/rabamurakas.ee\\\/en\\\/?s={search_term_string}\"},\"query-input\":{\"@type\":\"PropertyValueSpecification\",\"valueRequired\":true,\"valueName\":\"search_term_string\"}}],\"inLanguage\":\"en-GB\"},{\"@type\":\"Organization\",\"@id\":\"https:\\\/\\\/rabamurakas.ee\\\/en\\\/#organization\",\"name\":\"Rabamurakas\",\"url\":\"https:\\\/\\\/rabamurakas.ee\\\/en\\\/\",\"logo\":{\"@type\":\"ImageObject\",\"inLanguage\":\"en-GB\",\"@id\":\"https:\\\/\\\/rabamurakas.ee\\\/en\\\/#\\\/schema\\\/logo\\\/image\\\/\",\"url\":\"https:\\\/\\\/rabamurakas.ee\\\/wp-content\\\/uploads\\\/2022\\\/06\\\/Rabamurakas-5.png\",\"contentUrl\":\"https:\\\/\\\/rabamurakas.ee\\\/wp-content\\\/uploads\\\/2022\\\/06\\\/Rabamurakas-5.png\",\"width\":940,\"height\":788,\"caption\":\"Rabamurakas\"},\"image\":{\"@id\":\"https:\\\/\\\/rabamurakas.ee\\\/en\\\/#\\\/schema\\\/logo\\\/image\\\/\"},\"sameAs\":[\"https:\\\/\\\/www.facebook.com\\\/Rabamurakas\"]}]}<\/script>\n<!-- \/ Yoast SEO plugin. -->","yoast_head_json":{"title":"\u00dcritused - Rabamurakas","description":"Kevadel osalesime kodukohvikutep\u00e4eval ja talvel korraldasime lumist rabamatka. Hoia silm peal mida p\u00f5nevat j\u00e4rgmiseks teeme.","robots":{"index":"index","follow":"follow","max-snippet":"max-snippet:-1","max-image-preview":"max-image-preview:large","max-video-preview":"max-video-preview:-1"},"canonical":"https:\/\/www.rabamurakas.ee\/en\/uritused\/","og_locale":"en_GB","og_type":"article","og_title":"\u00dcritused - Rabamurakas","og_description":"Kevadel osalesime kodukohvikutep\u00e4eval ja talvel korraldasime lumist rabamatka. Hoia silm peal mida p\u00f5nevat j\u00e4rgmiseks teeme.","og_url":"https:\/\/www.rabamurakas.ee\/en\/uritused\/","og_site_name":"Rabamurakas","article_publisher":"https:\/\/www.facebook.com\/Rabamurakas","article_modified_time":"2023-12-06T08:26:35+00:00","og_image":[{"url":"https:\/\/www.rabamurakas.ee\/wp-content\/uploads\/2022\/06\/8-200x300.jpg","type":"","width":"","height":""}],"twitter_card":"summary_large_image","schema":{"@context":"https:\/\/schema.org","@graph":[{"@type":"WebPage","@id":"https:\/\/www.rabamurakas.ee\/en\/uritused\/","url":"https:\/\/www.rabamurakas.ee\/en\/uritused\/","name":"\u00dcritused - Rabamurakas","isPartOf":{"@id":"https:\/\/rabamurakas.ee\/en\/#website"},"primaryImageOfPage":{"@id":"https:\/\/www.rabamurakas.ee\/en\/uritused\/#primaryimage"},"image":{"@id":"https:\/\/www.rabamurakas.ee\/en\/uritused\/#primaryimage"},"thumbnailUrl":"https:\/\/www.rabamurakas.ee\/wp-content\/uploads\/2022\/06\/8-200x300.jpg","datePublished":"2022-06-05T05:36:43+00:00","dateModified":"2023-12-06T08:26:35+00:00","description":"Kevadel osalesime kodukohvikutep\u00e4eval ja talvel korraldasime lumist rabamatka. Hoia silm peal mida p\u00f5nevat j\u00e4rgmiseks teeme.","breadcrumb":{"@id":"https:\/\/www.rabamurakas.ee\/en\/uritused\/#breadcrumb"},"inLanguage":"en-GB","potentialAction":[{"@type":"ReadAction","target":["https:\/\/www.rabamurakas.ee\/en\/uritused\/"]}]},{"@type":"ImageObject","inLanguage":"en-GB","@id":"https:\/\/www.rabamurakas.ee\/en\/uritused\/#primaryimage","url":"https:\/\/www.rabamurakas.ee\/wp-content\/uploads\/2022\/06\/8-200x300.jpg","contentUrl":"https:\/\/www.rabamurakas.ee\/wp-content\/uploads\/2022\/06\/8-200x300.jpg"},{"@type":"BreadcrumbList","@id":"https:\/\/www.rabamurakas.ee\/en\/uritused\/#breadcrumb","itemListElement":[{"@type":"ListItem","position":1,"name":"Home","item":"https:\/\/rabamurakas.ee\/en\/"},{"@type":"ListItem","position":2,"name":"\u00dcritused"}]},{"@type":"WebSite","@id":"https:\/\/rabamurakas.ee\/en\/#website","url":"https:\/\/rabamurakas.ee\/en\/","name":"Rabamurakas","description":"Lauake kata end!","publisher":{"@id":"https:\/\/rabamurakas.ee\/en\/#organization"},"potentialAction":[{"@type":"SearchAction","target":{"@type":"EntryPoint","urlTemplate":"https:\/\/rabamurakas.ee\/en\/?s={search_term_string}"},"query-input":{"@type":"PropertyValueSpecification","valueRequired":true,"valueName":"search_term_string"}}],"inLanguage":"en-GB"},{"@type":"Organization","@id":"https:\/\/rabamurakas.ee\/en\/#organization","name":"Rabamurakas","url":"https:\/\/rabamurakas.ee\/en\/","logo":{"@type":"ImageObject","inLanguage":"en-GB","@id":"https:\/\/rabamurakas.ee\/en\/#\/schema\/logo\/image\/","url":"https:\/\/rabamurakas.ee\/wp-content\/uploads\/2022\/06\/Rabamurakas-5.png","contentUrl":"https:\/\/rabamurakas.ee\/wp-content\/uploads\/2022\/06\/Rabamurakas-5.png","width":940,"height":788,"caption":"Rabamurakas"},"image":{"@id":"https:\/\/rabamurakas.ee\/en\/#\/schema\/logo\/image\/"},"sameAs":["https:\/\/www.facebook.com\/Rabamurakas"]}]}},"_links":{"self":[{"href":"https:\/\/www.rabamurakas.ee\/en\/wp-json\/wp\/v2\/pages\/1585","targetHints":{"allow":["GET"]}}],"collection":[{"href":"https:\/\/www.rabamurakas.ee\/en\/wp-json\/wp\/v2\/pages"}],"about":[{"href":"https:\/\/www.rabamurakas.ee\/en\/wp-json\/wp\/v2\/types\/page"}],"author":[{"embeddable":true,"href":"https:\/\/www.rabamurakas.ee\/en\/wp-json\/wp\/v2\/users\/1"}],"replies":[{"embeddable":true,"href":"https:\/\/www.rabamurakas.ee\/en\/wp-json\/wp\/v2\/comments?post=1585"}],"version-history":[{"count":5,"href":"https:\/\/www.rabamurakas.ee\/en\/wp-json\/wp\/v2\/pages\/1585\/revisions"}],"predecessor-version":[{"id":2509,"href":"https:\/\/www.rabamurakas.ee\/en\/wp-json\/wp\/v2\/pages\/1585\/revisions\/2509"}],"wp:attachment":[{"href":"https:\/\/www.rabamurakas.ee\/en\/wp-json\/wp\/v2\/media?parent=1585"}],"curies":[{"name":"wp","href":"https:\/\/api.w.org\/{rel}","templated":true}]}}