{"id":14,"date":"2021-11-21T15:14:19","date_gmt":"2021-11-21T15:14:19","guid":{"rendered":"https:\/\/rabamurakas.ee\/about\/"},"modified":"2025-10-23T04:38:09","modified_gmt":"2025-10-23T04:38:09","slug":"meist","status":"publish","type":"page","link":"https:\/\/www.rabamurakas.ee\/en\/meist\/","title":{"rendered":"About Us"},"content":{"rendered":"<div data-elementor-type=\"wp-page\" data-elementor-id=\"14\" class=\"elementor elementor-14\" data-elementor-post-type=\"page\">\n\t\t\t\t\t\t<section class=\"elementor-section elementor-top-section elementor-element elementor-element-c8ddeb6 elementor-section-height-min-height elementor-section-boxed elementor-section-height-default elementor-section-items-middle\" data-id=\"c8ddeb6\" data-element_type=\"section\" data-e-type=\"section\" data-settings=\"{&quot;background_background&quot;:&quot;classic&quot;}\">\n\t\t\t\t\t\t\t<div class=\"elementor-background-overlay\"><\/div>\n\t\t\t\t\t\t\t<div class=\"elementor-container elementor-column-gap-default\">\n\t\t\t\t\t<div class=\"elementor-column elementor-col-100 elementor-top-column elementor-element elementor-element-6a5337e\" data-id=\"6a5337e\" data-element_type=\"column\" data-e-type=\"column\">\n\t\t\t<div class=\"elementor-widget-wrap elementor-element-populated\">\n\t\t\t\t\t\t\t<\/div>\n\t\t<\/div>\n\t\t\t\t\t<\/div>\n\t\t<\/section>\n\t\t\t\t<section class=\"elementor-section elementor-top-section elementor-element elementor-element-034f786 elementor-section-boxed elementor-section-height-default elementor-section-height-default\" data-id=\"034f786\" data-element_type=\"section\" data-e-type=\"section\">\n\t\t\t\t\t\t<div class=\"elementor-container elementor-column-gap-default\">\n\t\t\t\t\t<div class=\"elementor-column elementor-col-100 elementor-top-column elementor-element elementor-element-ba0c118\" data-id=\"ba0c118\" data-element_type=\"column\" data-e-type=\"column\">\n\t\t\t<div class=\"elementor-widget-wrap elementor-element-populated\">\n\t\t\t\t\t\t<div class=\"elementor-element elementor-element-3dc998b elementor-widget__width-initial elementor-widget elementor-widget-heading\" data-id=\"3dc998b\" data-element_type=\"widget\" data-e-type=\"widget\" data-widget_type=\"heading.default\">\n\t\t\t\t<div class=\"elementor-widget-container\">\n\t\t\t\t\t<h4 class=\"elementor-heading-title elementor-size-small\">Mul on \u00fclimalt hea meel, et oled j\u00f5udnud Rabamuraka lehele. Las ma tutvustan Sulle natuke ennast. K\u00f5igi toimetuste taga olen mina Triinu.\n \u00dcle 10 aasta tagasi alustasin kogemata kondiitri\u00f5pinguid, jah just kogemata, sest ei teadnud mida t\u00e4pselt teha soovin. Peale seda k\u00e4isin erinevates kohvikutes ja suurtootmistes t\u00f6\u00f6l ning samuti j\u00f5udsin Saksamaale j\u00e4\u00e4tisekohvikusse t\u00f6\u00f6le, n\u00e4gin j\u00e4\u00e4tise valmistamise protsesse ja sain ka ise valmistada. Ka Austraalias olin seotud toiduga ning t\u00f6\u00f6tasin ladudes, kus pakiti pirne, \u00f5unu, kirsse, nektariine. Seega k\u00fcmmekond aastat on mind saatnud erinevad toiduvaldkonnad. Ning l\u00f5puks j\u00f5udsin arusaamani, et see ongi see, mis mulle meeldib teha.\nNatuke \u00fcle nelja aasta tagasi tegin otsuse alustada oma v\u00e4ike- ettev\u00f5ttega ja pakkuda ainult neid tooteid, mis mulle endale v\u00e4ga maitsevad. Seega, kui keegi k\u00fcsib, milline on hea toode minu men\u00fc\u00fcst, siis absoluutselt k\u00f5ik, sest k\u00f5ik olen oma maitse j\u00e4rgi valmis timminud. Pakun v\u00f5imalikult puhta ja naturaalsete koostisosadega toite, seega \u00fcliv\u00e4rvilisi v\u00f5i stabilisaatoritega \u00fclekuhjatud torte minu k\u00f6\u00f6gist kindlasti ei tule. Lihtsuses peitub v\u00f5lu! Luba ennast sellel lihtsusel v\u00f5luda!\n<\/h4>\t\t\t\t<\/div>\n\t\t\t\t<\/div>\n\t\t\t\t<div class=\"elementor-element elementor-element-9fdb291 elementor-widget elementor-widget-image\" data-id=\"9fdb291\" data-element_type=\"widget\" data-e-type=\"widget\" data-widget_type=\"image.default\">\n\t\t\t\t<div class=\"elementor-widget-container\">\n\t\t\t\t\t\t\t\t\t\t\t\t<figure class=\"wp-caption\">\n\t\t\t\t\t\t\t\t\t\t<img fetchpriority=\"high\" decoding=\"async\" width=\"768\" height=\"1024\" src=\"https:\/\/rabamurakas.ee\/wp-content\/uploads\/2023\/09\/IMG_20230420_174419_Bokeh-768x1024.jpg\" class=\"attachment-medium_large size-medium_large wp-image-2459\" alt=\"\" srcset=\"https:\/\/rabamurakas.ee\/wp-content\/uploads\/2023\/09\/IMG_20230420_174419_Bokeh-768x1024.jpg 768w, https:\/\/rabamurakas.ee\/wp-content\/uploads\/2023\/09\/IMG_20230420_174419_Bokeh-225x300.jpg 225w, https:\/\/rabamurakas.ee\/wp-content\/uploads\/2023\/09\/IMG_20230420_174419_Bokeh-1152x1536.jpg 1152w, https:\/\/rabamurakas.ee\/wp-content\/uploads\/2023\/09\/IMG_20230420_174419_Bokeh-1536x2048.jpg 1536w, https:\/\/rabamurakas.ee\/wp-content\/uploads\/2023\/09\/IMG_20230420_174419_Bokeh-9x12.jpg 9w, https:\/\/rabamurakas.ee\/wp-content\/uploads\/2023\/09\/IMG_20230420_174419_Bokeh-1320x1760.jpg 1320w, https:\/\/rabamurakas.ee\/wp-content\/uploads\/2023\/09\/IMG_20230420_174419_Bokeh-600x800.jpg 600w, https:\/\/rabamurakas.ee\/wp-content\/uploads\/2023\/09\/IMG_20230420_174419_Bokeh-scaled.jpg 1920w\" sizes=\"(max-width: 768px) 100vw, 768px\" \/>\t\t\t\t\t\t\t\t\t\t\t<figcaption class=\"widget-image-caption wp-caption-text\">Your chef Triinu<\/figcaption>\n\t\t\t\t\t\t\t\t\t\t<\/figure>\n\t\t\t\t\t\t\t\t\t<\/div>\n\t\t\t\t<\/div>\n\t\t\t\t\t<\/div>\n\t\t<\/div>\n\t\t\t\t\t<\/div>\n\t\t<\/section>\n\t\t\t\t<section class=\"elementor-section elementor-top-section elementor-element elementor-element-e889fc3 elementor-section-boxed elementor-section-height-default elementor-section-height-default\" data-id=\"e889fc3\" data-element_type=\"section\" data-e-type=\"section\" data-settings=\"{&quot;background_background&quot;:&quot;classic&quot;}\">\n\t\t\t\t\t\t<div class=\"elementor-container elementor-column-gap-default\">\n\t\t\t\t\t<div class=\"elementor-column elementor-col-33 elementor-top-column elementor-element elementor-element-3c8f4a8\" data-id=\"3c8f4a8\" data-element_type=\"column\" data-e-type=\"column\">\n\t\t\t<div class=\"elementor-widget-wrap\">\n\t\t\t\t\t\t\t<\/div>\n\t\t<\/div>\n\t\t\t\t<div class=\"elementor-column elementor-col-33 elementor-top-column elementor-element elementor-element-ebb2ba7\" data-id=\"ebb2ba7\" data-element_type=\"column\" data-e-type=\"column\">\n\t\t\t<div class=\"elementor-widget-wrap elementor-element-populated\">\n\t\t\t\t\t\t<section class=\"elementor-section elementor-inner-section elementor-element elementor-element-d762106 elementor-section-boxed elementor-section-height-default elementor-section-height-default\" data-id=\"d762106\" data-element_type=\"section\" data-e-type=\"section\">\n\t\t\t\t\t\t<div class=\"elementor-container elementor-column-gap-default\">\n\t\t\t\t\t<div class=\"elementor-column elementor-col-50 elementor-inner-column elementor-element elementor-element-08ec54c\" data-id=\"08ec54c\" data-element_type=\"column\" data-e-type=\"column\">\n\t\t\t<div class=\"elementor-widget-wrap elementor-element-populated\">\n\t\t\t\t\t\t\t<\/div>\n\t\t<\/div>\n\t\t\t\t<div class=\"elementor-column elementor-col-50 elementor-inner-column elementor-element elementor-element-d30d7a1\" data-id=\"d30d7a1\" data-element_type=\"column\" data-e-type=\"column\">\n\t\t\t<div class=\"elementor-widget-wrap elementor-element-populated\">\n\t\t\t\t\t\t\t<\/div>\n\t\t<\/div>\n\t\t\t\t\t<\/div>\n\t\t<\/section>\n\t\t\t\t<div class=\"elementor-element elementor-element-14b6458 elementor-widget elementor-widget-image\" data-id=\"14b6458\" data-element_type=\"widget\" data-e-type=\"widget\" data-widget_type=\"image.default\">\n\t\t\t\t<div class=\"elementor-widget-container\">\n\t\t\t\t\t\t\t\t\t\t\t\t\t\t\t<img decoding=\"async\" width=\"46\" height=\"38\" src=\"https:\/\/rabamurakas.ee\/wp-content\/uploads\/2021\/11\/quotes.svg\" class=\"attachment-full size-full wp-image-117\" alt=\"\" \/>\t\t\t\t\t\t\t\t\t\t\t\t\t\t\t<\/div>\n\t\t\t\t<\/div>\n\t\t\t\t<div class=\"elementor-element elementor-element-beb0353 elementor-widget elementor-widget-heading\" data-id=\"beb0353\" data-element_type=\"widget\" data-e-type=\"widget\" data-widget_type=\"heading.default\">\n\t\t\t\t<div class=\"elementor-widget-container\">\n\t\t\t\t\t<h4 class=\"elementor-heading-title elementor-size-default\">\"There is no truer love than the love of food.\"<\/h4>\t\t\t\t<\/div>\n\t\t\t\t<\/div>\n\t\t\t\t<div class=\"elementor-element elementor-element-ec91cfa elementor-widget elementor-widget-text-editor\" data-id=\"ec91cfa\" data-element_type=\"widget\" data-e-type=\"widget\" data-widget_type=\"text-editor.default\">\n\t\t\t\t<div class=\"elementor-widget-container\">\n\t\t\t\t\t\t\t\t\t<p>George Bernard Shaw<\/p>\t\t\t\t\t\t\t\t<\/div>\n\t\t\t\t<\/div>\n\t\t\t\t\t<\/div>\n\t\t<\/div>\n\t\t\t\t<div class=\"elementor-column elementor-col-33 elementor-top-column elementor-element elementor-element-9e16007\" data-id=\"9e16007\" data-element_type=\"column\" data-e-type=\"column\">\n\t\t\t<div class=\"elementor-widget-wrap\">\n\t\t\t\t\t\t\t<\/div>\n\t\t<\/div>\n\t\t\t\t\t<\/div>\n\t\t<\/section>\n\t\t\t\t<\/div>","protected":false},"excerpt":{"rendered":"<p>Mul on \u00fclimalt hea meel, et oled j\u00f5udnud Rabamuraka lehele. Las ma tutvustan Sulle natuke ennast. K\u00f5igi toimetuste taga olen mina Triinu. \u00dcle 10 aasta tagasi alustasin kogemata kondiitri\u00f5pinguid, jah just kogemata, sest ei teadnud mida t\u00e4pselt teha soovin. Peale seda k\u00e4isin erinevates kohvikutes ja suurtootmistes t\u00f6\u00f6l ning samuti j\u00f5udsin Saksamaale j\u00e4\u00e4tisekohvikusse t\u00f6\u00f6le, n\u00e4gin j\u00e4\u00e4tise [&hellip;]<\/p>\n","protected":false},"author":1,"featured_media":0,"parent":0,"menu_order":0,"comment_status":"closed","ping_status":"closed","template":"","meta":{"site-sidebar-layout":"no-sidebar","site-content-layout":"page-builder","ast-site-content-layout":"","site-content-style":"default","site-sidebar-style":"default","ast-global-header-display":"","ast-banner-title-visibility":"","ast-main-header-display":"","ast-hfb-above-header-display":"","ast-hfb-below-header-display":"","ast-hfb-mobile-header-display":"","site-post-title":"disabled","ast-breadcrumbs-content":"","ast-featured-img":"disabled","footer-sml-layout":"","theme-transparent-header-meta":"enabled","adv-header-id-meta":"","stick-header-meta":"","header-above-stick-meta":"","header-main-stick-meta":"","header-below-stick-meta":"","astra-migrate-meta-layouts":"default","ast-page-background-enabled":"default","ast-page-background-meta":{"desktop":{"background-color":"var(--ast-global-color-4)","background-image":"","background-repeat":"repeat","background-position":"center center","background-size":"auto","background-attachment":"scroll","background-type":"","background-media":"","overlay-type":"","overlay-color":"","overlay-opacity":"","overlay-gradient":""},"tablet":{"background-color":"","background-image":"","background-repeat":"repeat","background-position":"center center","background-size":"auto","background-attachment":"scroll","background-type":"","background-media":"","overlay-type":"","overlay-color":"","overlay-opacity":"","overlay-gradient":""},"mobile":{"background-color":"","background-image":"","background-repeat":"repeat","background-position":"center center","background-size":"auto","background-attachment":"scroll","background-type":"","background-media":"","overlay-type":"","overlay-color":"","overlay-opacity":"","overlay-gradient":""}},"ast-content-background-meta":{"desktop":{"background-color":"var(--ast-global-color-5)","background-image":"","background-repeat":"repeat","background-position":"center center","background-size":"auto","background-attachment":"scroll","background-type":"","background-media":"","overlay-type":"","overlay-color":"","overlay-opacity":"","overlay-gradient":""},"tablet":{"background-color":"var(--ast-global-color-5)","background-image":"","background-repeat":"repeat","background-position":"center center","background-size":"auto","background-attachment":"scroll","background-type":"","background-media":"","overlay-type":"","overlay-color":"","overlay-opacity":"","overlay-gradient":""},"mobile":{"background-color":"var(--ast-global-color-5)","background-image":"","background-repeat":"repeat","background-position":"center center","background-size":"auto","background-attachment":"scroll","background-type":"","background-media":"","overlay-type":"","overlay-color":"","overlay-opacity":"","overlay-gradient":""}},"footnotes":""},"class_list":["post-14","page","type-page","status-publish","hentry"],"yoast_head":"<!-- This site is optimized with the Yoast SEO plugin v27.5 - https:\/\/yoast.com\/product\/yoast-seo-wordpress\/ -->\n<title>Meist - Rabamurakas<\/title>\n<meta name=\"robots\" content=\"index, follow, max-snippet:-1, max-image-preview:large, max-video-preview:-1\" \/>\n<link rel=\"canonical\" href=\"https:\/\/rabamurakas.ee\/en\/meist\/\" \/>\n<meta property=\"og:locale\" content=\"en_GB\" \/>\n<meta property=\"og:type\" content=\"article\" \/>\n<meta property=\"og:title\" content=\"Meist - Rabamurakas\" \/>\n<meta property=\"og:description\" content=\"Mul on \u00fclimalt hea meel, et oled j\u00f5udnud Rabamuraka lehele. Las ma tutvustan Sulle natuke ennast. K\u00f5igi toimetuste taga olen mina Triinu. \u00dcle 10 aasta tagasi alustasin kogemata kondiitri\u00f5pinguid, jah just kogemata, sest ei teadnud mida t\u00e4pselt teha soovin. Peale seda k\u00e4isin erinevates kohvikutes ja suurtootmistes t\u00f6\u00f6l ning samuti j\u00f5udsin Saksamaale j\u00e4\u00e4tisekohvikusse t\u00f6\u00f6le, n\u00e4gin j\u00e4\u00e4tise [&hellip;]\" \/>\n<meta property=\"og:url\" content=\"https:\/\/rabamurakas.ee\/en\/meist\/\" \/>\n<meta property=\"og:site_name\" content=\"Rabamurakas\" \/>\n<meta property=\"article:publisher\" content=\"https:\/\/www.facebook.com\/Rabamurakas\" \/>\n<meta property=\"article:modified_time\" content=\"2025-10-23T04:38:09+00:00\" \/>\n<meta property=\"og:image\" content=\"https:\/\/www.rabamurakas.ee\/wp-content\/uploads\/2023\/09\/IMG_20230420_174419_Bokeh-768x1024.jpg\" \/>\n<meta name=\"twitter:card\" content=\"summary_large_image\" \/>\n<meta name=\"twitter:label1\" content=\"Estimated reading time\" \/>\n\t<meta name=\"twitter:data1\" content=\"1 minute\" \/>\n<script type=\"application\/ld+json\" class=\"yoast-schema-graph\">{\"@context\":\"https:\\\/\\\/schema.org\",\"@graph\":[{\"@type\":\"WebPage\",\"@id\":\"https:\\\/\\\/rabamurakas.ee\\\/en\\\/meist\\\/\",\"url\":\"https:\\\/\\\/rabamurakas.ee\\\/en\\\/meist\\\/\",\"name\":\"Meist - Rabamurakas\",\"isPartOf\":{\"@id\":\"https:\\\/\\\/rabamurakas.ee\\\/en\\\/#website\"},\"primaryImageOfPage\":{\"@id\":\"https:\\\/\\\/rabamurakas.ee\\\/en\\\/meist\\\/#primaryimage\"},\"image\":{\"@id\":\"https:\\\/\\\/rabamurakas.ee\\\/en\\\/meist\\\/#primaryimage\"},\"thumbnailUrl\":\"https:\\\/\\\/www.rabamurakas.ee\\\/wp-content\\\/uploads\\\/2023\\\/09\\\/IMG_20230420_174419_Bokeh-768x1024.jpg\",\"datePublished\":\"2021-11-21T15:14:19+00:00\",\"dateModified\":\"2025-10-23T04:38:09+00:00\",\"breadcrumb\":{\"@id\":\"https:\\\/\\\/rabamurakas.ee\\\/en\\\/meist\\\/#breadcrumb\"},\"inLanguage\":\"en-GB\",\"potentialAction\":[{\"@type\":\"ReadAction\",\"target\":[\"https:\\\/\\\/rabamurakas.ee\\\/en\\\/meist\\\/\"]}]},{\"@type\":\"ImageObject\",\"inLanguage\":\"en-GB\",\"@id\":\"https:\\\/\\\/rabamurakas.ee\\\/en\\\/meist\\\/#primaryimage\",\"url\":\"https:\\\/\\\/www.rabamurakas.ee\\\/wp-content\\\/uploads\\\/2023\\\/09\\\/IMG_20230420_174419_Bokeh-768x1024.jpg\",\"contentUrl\":\"https:\\\/\\\/www.rabamurakas.ee\\\/wp-content\\\/uploads\\\/2023\\\/09\\\/IMG_20230420_174419_Bokeh-768x1024.jpg\"},{\"@type\":\"BreadcrumbList\",\"@id\":\"https:\\\/\\\/rabamurakas.ee\\\/en\\\/meist\\\/#breadcrumb\",\"itemListElement\":[{\"@type\":\"ListItem\",\"position\":1,\"name\":\"Home\",\"item\":\"https:\\\/\\\/rabamurakas.ee\\\/en\\\/\"},{\"@type\":\"ListItem\",\"position\":2,\"name\":\"Meist\"}]},{\"@type\":\"WebSite\",\"@id\":\"https:\\\/\\\/rabamurakas.ee\\\/en\\\/#website\",\"url\":\"https:\\\/\\\/rabamurakas.ee\\\/en\\\/\",\"name\":\"Rabamurakas\",\"description\":\"Lauake kata end!\",\"publisher\":{\"@id\":\"https:\\\/\\\/rabamurakas.ee\\\/en\\\/#organization\"},\"potentialAction\":[{\"@type\":\"SearchAction\",\"target\":{\"@type\":\"EntryPoint\",\"urlTemplate\":\"https:\\\/\\\/rabamurakas.ee\\\/en\\\/?s={search_term_string}\"},\"query-input\":{\"@type\":\"PropertyValueSpecification\",\"valueRequired\":true,\"valueName\":\"search_term_string\"}}],\"inLanguage\":\"en-GB\"},{\"@type\":\"Organization\",\"@id\":\"https:\\\/\\\/rabamurakas.ee\\\/en\\\/#organization\",\"name\":\"Rabamurakas\",\"url\":\"https:\\\/\\\/rabamurakas.ee\\\/en\\\/\",\"logo\":{\"@type\":\"ImageObject\",\"inLanguage\":\"en-GB\",\"@id\":\"https:\\\/\\\/rabamurakas.ee\\\/en\\\/#\\\/schema\\\/logo\\\/image\\\/\",\"url\":\"https:\\\/\\\/rabamurakas.ee\\\/wp-content\\\/uploads\\\/2022\\\/06\\\/Rabamurakas-5.png\",\"contentUrl\":\"https:\\\/\\\/rabamurakas.ee\\\/wp-content\\\/uploads\\\/2022\\\/06\\\/Rabamurakas-5.png\",\"width\":940,\"height\":788,\"caption\":\"Rabamurakas\"},\"image\":{\"@id\":\"https:\\\/\\\/rabamurakas.ee\\\/en\\\/#\\\/schema\\\/logo\\\/image\\\/\"},\"sameAs\":[\"https:\\\/\\\/www.facebook.com\\\/Rabamurakas\"]}]}<\/script>\n<!-- \/ Yoast SEO plugin. -->","yoast_head_json":{"title":"Meist - Rabamurakas","robots":{"index":"index","follow":"follow","max-snippet":"max-snippet:-1","max-image-preview":"max-image-preview:large","max-video-preview":"max-video-preview:-1"},"canonical":"https:\/\/rabamurakas.ee\/en\/meist\/","og_locale":"en_GB","og_type":"article","og_title":"Meist - Rabamurakas","og_description":"Mul on \u00fclimalt hea meel, et oled j\u00f5udnud Rabamuraka lehele. Las ma tutvustan Sulle natuke ennast. K\u00f5igi toimetuste taga olen mina Triinu. \u00dcle 10 aasta tagasi alustasin kogemata kondiitri\u00f5pinguid, jah just kogemata, sest ei teadnud mida t\u00e4pselt teha soovin. Peale seda k\u00e4isin erinevates kohvikutes ja suurtootmistes t\u00f6\u00f6l ning samuti j\u00f5udsin Saksamaale j\u00e4\u00e4tisekohvikusse t\u00f6\u00f6le, n\u00e4gin j\u00e4\u00e4tise [&hellip;]","og_url":"https:\/\/rabamurakas.ee\/en\/meist\/","og_site_name":"Rabamurakas","article_publisher":"https:\/\/www.facebook.com\/Rabamurakas","article_modified_time":"2025-10-23T04:38:09+00:00","og_image":[{"url":"https:\/\/www.rabamurakas.ee\/wp-content\/uploads\/2023\/09\/IMG_20230420_174419_Bokeh-768x1024.jpg","type":"","width":"","height":""}],"twitter_card":"summary_large_image","twitter_misc":{"Estimated reading time":"1 minute"},"schema":{"@context":"https:\/\/schema.org","@graph":[{"@type":"WebPage","@id":"https:\/\/rabamurakas.ee\/en\/meist\/","url":"https:\/\/rabamurakas.ee\/en\/meist\/","name":"Meist - Rabamurakas","isPartOf":{"@id":"https:\/\/rabamurakas.ee\/en\/#website"},"primaryImageOfPage":{"@id":"https:\/\/rabamurakas.ee\/en\/meist\/#primaryimage"},"image":{"@id":"https:\/\/rabamurakas.ee\/en\/meist\/#primaryimage"},"thumbnailUrl":"https:\/\/www.rabamurakas.ee\/wp-content\/uploads\/2023\/09\/IMG_20230420_174419_Bokeh-768x1024.jpg","datePublished":"2021-11-21T15:14:19+00:00","dateModified":"2025-10-23T04:38:09+00:00","breadcrumb":{"@id":"https:\/\/rabamurakas.ee\/en\/meist\/#breadcrumb"},"inLanguage":"en-GB","potentialAction":[{"@type":"ReadAction","target":["https:\/\/rabamurakas.ee\/en\/meist\/"]}]},{"@type":"ImageObject","inLanguage":"en-GB","@id":"https:\/\/rabamurakas.ee\/en\/meist\/#primaryimage","url":"https:\/\/www.rabamurakas.ee\/wp-content\/uploads\/2023\/09\/IMG_20230420_174419_Bokeh-768x1024.jpg","contentUrl":"https:\/\/www.rabamurakas.ee\/wp-content\/uploads\/2023\/09\/IMG_20230420_174419_Bokeh-768x1024.jpg"},{"@type":"BreadcrumbList","@id":"https:\/\/rabamurakas.ee\/en\/meist\/#breadcrumb","itemListElement":[{"@type":"ListItem","position":1,"name":"Home","item":"https:\/\/rabamurakas.ee\/en\/"},{"@type":"ListItem","position":2,"name":"Meist"}]},{"@type":"WebSite","@id":"https:\/\/rabamurakas.ee\/en\/#website","url":"https:\/\/rabamurakas.ee\/en\/","name":"Rabamurakas","description":"Lauake kata end!","publisher":{"@id":"https:\/\/rabamurakas.ee\/en\/#organization"},"potentialAction":[{"@type":"SearchAction","target":{"@type":"EntryPoint","urlTemplate":"https:\/\/rabamurakas.ee\/en\/?s={search_term_string}"},"query-input":{"@type":"PropertyValueSpecification","valueRequired":true,"valueName":"search_term_string"}}],"inLanguage":"en-GB"},{"@type":"Organization","@id":"https:\/\/rabamurakas.ee\/en\/#organization","name":"Rabamurakas","url":"https:\/\/rabamurakas.ee\/en\/","logo":{"@type":"ImageObject","inLanguage":"en-GB","@id":"https:\/\/rabamurakas.ee\/en\/#\/schema\/logo\/image\/","url":"https:\/\/rabamurakas.ee\/wp-content\/uploads\/2022\/06\/Rabamurakas-5.png","contentUrl":"https:\/\/rabamurakas.ee\/wp-content\/uploads\/2022\/06\/Rabamurakas-5.png","width":940,"height":788,"caption":"Rabamurakas"},"image":{"@id":"https:\/\/rabamurakas.ee\/en\/#\/schema\/logo\/image\/"},"sameAs":["https:\/\/www.facebook.com\/Rabamurakas"]}]}},"_links":{"self":[{"href":"https:\/\/www.rabamurakas.ee\/en\/wp-json\/wp\/v2\/pages\/14","targetHints":{"allow":["GET"]}}],"collection":[{"href":"https:\/\/www.rabamurakas.ee\/en\/wp-json\/wp\/v2\/pages"}],"about":[{"href":"https:\/\/www.rabamurakas.ee\/en\/wp-json\/wp\/v2\/types\/page"}],"author":[{"embeddable":true,"href":"https:\/\/www.rabamurakas.ee\/en\/wp-json\/wp\/v2\/users\/1"}],"replies":[{"embeddable":true,"href":"https:\/\/www.rabamurakas.ee\/en\/wp-json\/wp\/v2\/comments?post=14"}],"version-history":[{"count":5,"href":"https:\/\/www.rabamurakas.ee\/en\/wp-json\/wp\/v2\/pages\/14\/revisions"}],"predecessor-version":[{"id":3157,"href":"https:\/\/www.rabamurakas.ee\/en\/wp-json\/wp\/v2\/pages\/14\/revisions\/3157"}],"wp:attachment":[{"href":"https:\/\/www.rabamurakas.ee\/en\/wp-json\/wp\/v2\/media?parent=14"}],"curies":[{"name":"wp","href":"https:\/\/api.w.org\/{rel}","templated":true}]}}